{"id":9699,"date":"2024-07-04T16:59:26","date_gmt":"2024-07-04T09:59:26","guid":{"rendered":"https:\/\/achisonsafety.com.vn\/?post_type=product&#038;p=9699"},"modified":"2025-09-17T16:44:21","modified_gmt":"2025-09-17T09:44:21","slug":"dich-vu-bao-on-nong-dam-bao-an-toan-va-hieu-qua-cho-he-thong-nhiet","status":"publish","type":"product","link":"https:\/\/achisonsafety.com.vn\/en\/san-pham\/dich-vu-bao-on-nong-dam-bao-an-toan-va-hieu-qua-cho-he-thong-nhiet\/","title":{"rendered":"D\u1ecbch v\u1ee5 b\u1ea3o \u00f4n n\u00f3ng &#8211; \u0110\u1ea3m b\u1ea3o an to\u00e0n v\u00e0 hi\u1ec7u qu\u1ea3 cho h\u1ec7 th\u1ed1ng nhi\u1ec7t"},"content":{"rendered":"<p>Trong c\u00e1c h\u1ec7 th\u1ed1ng nhi\u1ec7t c\u00f4ng nghi\u1ec7p, duy tr\u00ec nhi\u1ec7t \u0111\u1ed9 \u1ed5n \u0111\u1ecbnh v\u00e0 hi\u1ec7u qu\u1ea3 c\u00e1ch nhi\u1ec7t l\u00e0 y\u1ebfu t\u1ed1 then ch\u1ed1t. Tuy nhi\u00ean, nhi\u1ec1u doanh nghi\u1ec7p g\u1eb7p kh\u00f3 kh\u0103n trong vi\u1ec7c ng\u0103n ch\u1eb7n t\u1ed5n th\u1ea5t nhi\u1ec7t, d\u1eabn \u0111\u1ebfn ti\u00eau hao n\u0103ng l\u01b0\u1ee3ng v\u00e0 chi ph\u00ed v\u1eadn h\u00e0nh cao. H\u01a1n n\u1eefa, c\u00e1c h\u1ec7 th\u1ed1ng nhi\u1ec7t kh\u00f4ng \u0111\u01b0\u1ee3c b\u1ea3o \u00f4n \u0111\u00fang c\u00e1ch c\u00f3 th\u1ec3 d\u1eabn \u0111\u1ebfn s\u1ef1 c\u1ed1 v\u00e0 gi\u1ea3m tu\u1ed5i th\u1ecd c\u1ee7a thi\u1ebft b\u1ecb. \u0110\u1ec3 gi\u1ea3i quy\u1ebft nh\u1eefng v\u1ea5n \u0111\u1ec1 n\u00e0y, c\u1ea7n c\u00f3 m\u1ed9t <a href=\"https:\/\/achisonsafety.com.vn\/danh-muc-san-pham\/dich-vu-ky-thuat\/dich-vu-bao-on\/\">gi\u1ea3i ph\u00e1p b\u1ea3o \u00f4n n\u00f3ng<\/a> chuy\u00ean nghi\u1ec7p v\u00e0 hi\u1ec7u qu\u1ea3<\/p>\n<p><img loading=\"lazy\" decoding=\"async\" class=\"alignnone size-full wp-image-9720 aligncenter\" src=\"https:\/\/achisonsafety.com.vn\/wp-content\/uploads\/2024\/07\/z5601618548236_ce6851b48a9a7b3940653de8ff57f94d.jpg\" alt=\"B\u1ea3o \u00f4n n\u00f3ng\" width=\"593\" height=\"400\" title=\"\" srcset=\"https:\/\/achisonsafety.com.vn\/wp-content\/uploads\/2024\/07\/z5601618548236_ce6851b48a9a7b3940653de8ff57f94d.jpg 593w, https:\/\/achisonsafety.com.vn\/wp-content\/uploads\/2024\/07\/z5601618548236_ce6851b48a9a7b3940653de8ff57f94d-44x30.jpg 44w, https:\/\/achisonsafety.com.vn\/wp-content\/uploads\/2024\/07\/z5601618548236_ce6851b48a9a7b3940653de8ff57f94d-89x60.jpg 89w, https:\/\/achisonsafety.com.vn\/wp-content\/uploads\/2024\/07\/z5601618548236_ce6851b48a9a7b3940653de8ff57f94d-510x344.jpg 510w\" sizes=\"(max-width: 593px) 100vw, 593px\" \/><\/p>\n<p>D\u1ecbch v\u1ee5 b\u1ea3o \u00f4n n\u00f3ng cung c\u1ea5p gi\u1ea3i ph\u00e1p to\u00e0n di\u1ec7n \u0111\u1ec3 b\u1ea3o v\u1ec7 h\u1ec7 th\u1ed1ng nhi\u1ec7t kh\u1ecfi t\u1ed5n th\u1ea5t nhi\u1ec7t v\u00e0 \u0111\u1ea3m b\u1ea3o an to\u00e0n. Ch\u00fang t\u00f4i s\u1eed d\u1ee5ng c\u00e1c v\u1eadt li\u1ec7u c\u00e1ch nhi\u1ec7t ti\u00ean ti\u1ebfn nh\u01b0 b\u00f4ng kho\u00e1ng, g\u1ed1m s\u1ee3i v\u00e0 c\u00e1c lo\u1ea1i v\u1eadt li\u1ec7u \u0111\u1eb7c bi\u1ec7t kh\u00e1c \u0111\u1ec3 t\u1ea1o ra m\u1ed9t l\u1edbp b\u1ea3o \u00f4n hi\u1ec7u qu\u1ea3. Quy tr\u00ecnh thi c\u00f4ng \u0111\u01b0\u1ee3c th\u1ef1c hi\u1ec7n b\u1edfi \u0111\u1ed9i ng\u0169 k\u1ef9 thu\u1eadt vi\u00ean gi\u00e0u kinh nghi\u1ec7m, \u0111\u1ea3m b\u1ea3o m\u1ed7i chi ti\u1ebft c\u1ee7a h\u1ec7 th\u1ed1ng \u0111\u1ec1u \u0111\u01b0\u1ee3c c\u00e1ch nhi\u1ec7t ho\u00e0n h\u1ea3o.<\/p>\n<h3><strong>\u01afu \u0111i\u1ec3m c\u1ee7a v\u1eadt li\u1ec7u c\u00e1ch nhi\u1ec7t b\u1ea3o \u00f4n n\u00f3ng<\/strong><\/h3>\n<ul>\n<li>C\u00e1ch nhi\u1ec7t t\u1ed1t<\/li>\n<li>Ti\u1ebft ki\u1ec7m n\u0103ng l\u01b0\u1ee3ng lao h\u01a1n<\/li>\n<li>Gi\u1ea3m ph\u00e1t th\u1ea3i CO2<\/li>\n<li>L\u00e0m ch\u1eadm qu\u00e1 tr\u00ecnh n\u00f3ng l\u00ean to\u00e0n c\u1ea7u<\/li>\n<\/ul>\n<p>D\u1ecbch v\u1ee5 b\u1ea3o \u00f4n n\u00f3ng c\u1ee7a C\u00f4ng Ty C\u1ed5 Ph\u1ea7n Achison kh\u00f4ng ch\u1ec9 \u0111\u1ea3m b\u1ea3o hi\u1ec7u qu\u1ea3 c\u00e1ch nhi\u1ec7t t\u1ed1i \u01b0u m\u00e0 c\u00f2n gi\u00fap t\u0103ng c\u01b0\u1eddng an to\u00e0n cho h\u1ec7 th\u1ed1ng nhi\u1ec7t. Ch\u00fang t\u00f4i cam k\u1ebft s\u1eed d\u1ee5ng c\u00e1c v\u1eadt li\u1ec7u c\u00e1ch nhi\u1ec7t ch\u1ea5t l\u01b0\u1ee3ng cao, tu\u00e2n th\u1ee7 c\u00e1c ti\u00eau chu\u1ea9n qu\u1ed1c t\u1ebf v\u00e0 \u00e1p d\u1ee5ng k\u1ef9 thu\u1eadt thi c\u00f4ng ti\u00ean ti\u1ebfn. \u0110\u1ed9i ng\u0169 k\u1ef9 thu\u1eadt vi\u00ean chuy\u00ean nghi\u1ec7p c\u1ee7a ch\u00fang t\u00f4i s\u1ebd th\u1ef1c hi\u1ec7n quy tr\u00ecnh b\u1ea3o \u00f4n m\u1ed9t c\u00e1ch t\u1ec9 m\u1ec9 v\u00e0 ch\u00ednh x\u00e1c, \u0111\u1ea3m b\u1ea3o r\u1eb1ng h\u1ec7 th\u1ed1ng c\u1ee7a b\u1ea1n lu\u00f4n ho\u1ea1t \u0111\u1ed9ng \u1ed5n \u0111\u1ecbnh v\u00e0 an to\u00e0n<\/p>\n<p><img loading=\"lazy\" decoding=\"async\" class=\"aligncenter wp-image-9710 size-full\" src=\"https:\/\/achisonsafety.com.vn\/wp-content\/uploads\/2024\/07\/Dich-vu-bao-on-nong-4-e1720086745147.png\" alt=\"\" width=\"600\" height=\"399\" title=\"\" srcset=\"https:\/\/achisonsafety.com.vn\/wp-content\/uploads\/2024\/07\/Dich-vu-bao-on-nong-4-e1720086745147.png 600w, https:\/\/achisonsafety.com.vn\/wp-content\/uploads\/2024\/07\/Dich-vu-bao-on-nong-4-e1720086745147-45x30.png 45w, https:\/\/achisonsafety.com.vn\/wp-content\/uploads\/2024\/07\/Dich-vu-bao-on-nong-4-e1720086745147-90x60.png 90w, https:\/\/achisonsafety.com.vn\/wp-content\/uploads\/2024\/07\/Dich-vu-bao-on-nong-4-e1720086745147-510x339.png 510w\" sizes=\"(max-width: 600px) 100vw, 600px\" \/><\/p>\n<p>C\u00f4ng Ty C\u1ed5 Ph\u1ea7n Achison c\u00f3 nhi\u1ec1u kinh nghi\u1ec7m trong kh\u00e2u t\u01b0 v\u1ea5n l\u1ef1a ch\u1ecdn, x\u1eed l\u00fd v\u00e0 l\u1eafp \u0111\u1eb7t v\u1eadt li\u1ec7u c\u00e1ch nhi\u1ec7t theo ti\u00eau chu\u1ea9n ng\u00e0nh. \u0110i\u1ec1u n\u00e0y gi\u00fap c\u1ea3i thi\u1ec7n hi\u1ec7u qu\u1ea3, gi\u1ea3m chi ph\u00ed n\u0103ng l\u01b0\u1ee3ng v\u00e0 \u0111\u00f3ng g\u00f3p v\u00e0o t\u00ednh b\u1ec1n v\u1eefng m\u00f4i tr\u01b0\u1eddng b\u1eb1ng c\u00e1ch gi\u1ea3m ph\u00e1t th\u1ea3i kh\u00ed nh\u00e0 k\u00ednh<\/p>\n<p>Achison cung c\u1ea5p tr\u1ecdn g\u00f3i c\u00e1c d\u1ecbch v\u1ee5 b\u1ea3o \u00f4n n\u00f3ng, l\u1eafp \u0111\u1eb7t v\u00e0 b\u1ea3o v\u1ec7 v\u1eadt li\u1ec7u c\u00e1ch nhi\u1ec7t cho h\u1ec7 th\u1ed1ng \u0111\u01b0\u1eddng \u1ed1ng v\u00e0 ph\u1ee5 ki\u1ec7n, \u1ed1ng gi\u00f3, n\u1ed3i h\u01a1i, b\u00ecnh ch\u1ee9a v\u00e0 b\u1ec3 ch\u1ee9a trong c\u00e1c \u1ee9ng d\u1ee5ng nhi\u1ec7t \u0111\u1ed9 cao<\/p>\n<p><img loading=\"lazy\" decoding=\"async\" class=\" wp-image-9712 aligncenter\" src=\"https:\/\/achisonsafety.com.vn\/wp-content\/uploads\/2024\/07\/Dich-vu-bao-on-nong-3.png\" alt=\"\" width=\"546\" height=\"546\" title=\"\" srcset=\"https:\/\/achisonsafety.com.vn\/wp-content\/uploads\/2024\/07\/Dich-vu-bao-on-nong-3.png 600w, https:\/\/achisonsafety.com.vn\/wp-content\/uploads\/2024\/07\/Dich-vu-bao-on-nong-3-400x400.png 400w, https:\/\/achisonsafety.com.vn\/wp-content\/uploads\/2024\/07\/Dich-vu-bao-on-nong-3-280x280.png 280w, https:\/\/achisonsafety.com.vn\/wp-content\/uploads\/2024\/07\/Dich-vu-bao-on-nong-3-30x30.png 30w, https:\/\/achisonsafety.com.vn\/wp-content\/uploads\/2024\/07\/Dich-vu-bao-on-nong-3-60x60.png 60w, https:\/\/achisonsafety.com.vn\/wp-content\/uploads\/2024\/07\/Dich-vu-bao-on-nong-3-247x247.png 247w, https:\/\/achisonsafety.com.vn\/wp-content\/uploads\/2024\/07\/Dich-vu-bao-on-nong-3-510x510.png 510w, https:\/\/achisonsafety.com.vn\/wp-content\/uploads\/2024\/07\/Dich-vu-bao-on-nong-3-100x100.png 100w\" sizes=\"(max-width: 546px) 100vw, 546px\" \/><\/p>\n<h3><strong>C\u00e1c d\u1ef1 \u00e1n b\u1ea3o \u00f4n n\u00f3ng ti\u00eau bi\u1ec3u<\/strong><\/h3>\n<p><img loading=\"lazy\" decoding=\"async\" class=\"alignnone size-full wp-image-9708\" src=\"https:\/\/achisonsafety.com.vn\/wp-content\/uploads\/2024\/07\/z5601583271440_c2a81a8718b6d912dc8bac85ae2f3708.jpg\" alt=\"B\u1ea3o \u00f4n n\u00f3ng \" width=\"991\" height=\"370\" title=\"\" srcset=\"https:\/\/achisonsafety.com.vn\/wp-content\/uploads\/2024\/07\/z5601583271440_c2a81a8718b6d912dc8bac85ae2f3708.jpg 991w, https:\/\/achisonsafety.com.vn\/wp-content\/uploads\/2024\/07\/z5601583271440_c2a81a8718b6d912dc8bac85ae2f3708-800x299.jpg 800w, https:\/\/achisonsafety.com.vn\/wp-content\/uploads\/2024\/07\/z5601583271440_c2a81a8718b6d912dc8bac85ae2f3708-768x287.jpg 768w, https:\/\/achisonsafety.com.vn\/wp-content\/uploads\/2024\/07\/z5601583271440_c2a81a8718b6d912dc8bac85ae2f3708-80x30.jpg 80w, https:\/\/achisonsafety.com.vn\/wp-content\/uploads\/2024\/07\/z5601583271440_c2a81a8718b6d912dc8bac85ae2f3708-161x60.jpg 161w, https:\/\/achisonsafety.com.vn\/wp-content\/uploads\/2024\/07\/z5601583271440_c2a81a8718b6d912dc8bac85ae2f3708-510x190.jpg 510w\" sizes=\"(max-width: 991px) 100vw, 991px\" \/> <img loading=\"lazy\" decoding=\"async\" class=\"alignnone size-full wp-image-9706\" src=\"https:\/\/achisonsafety.com.vn\/wp-content\/uploads\/2024\/07\/z5601583249101_62c0d5b90f2a28e55fe886fcc84a9763.jpg\" alt=\"B\u1ea3o \u00f4n n\u00f3ng \" width=\"978\" height=\"361\" title=\"\" srcset=\"https:\/\/achisonsafety.com.vn\/wp-content\/uploads\/2024\/07\/z5601583249101_62c0d5b90f2a28e55fe886fcc84a9763.jpg 978w, https:\/\/achisonsafety.com.vn\/wp-content\/uploads\/2024\/07\/z5601583249101_62c0d5b90f2a28e55fe886fcc84a9763-800x295.jpg 800w, https:\/\/achisonsafety.com.vn\/wp-content\/uploads\/2024\/07\/z5601583249101_62c0d5b90f2a28e55fe886fcc84a9763-768x283.jpg 768w, https:\/\/achisonsafety.com.vn\/wp-content\/uploads\/2024\/07\/z5601583249101_62c0d5b90f2a28e55fe886fcc84a9763-81x30.jpg 81w, https:\/\/achisonsafety.com.vn\/wp-content\/uploads\/2024\/07\/z5601583249101_62c0d5b90f2a28e55fe886fcc84a9763-163x60.jpg 163w, https:\/\/achisonsafety.com.vn\/wp-content\/uploads\/2024\/07\/z5601583249101_62c0d5b90f2a28e55fe886fcc84a9763-510x188.jpg 510w\" sizes=\"(max-width: 978px) 100vw, 978px\" \/> <img loading=\"lazy\" decoding=\"async\" class=\"alignnone size-full wp-image-9704\" src=\"https:\/\/achisonsafety.com.vn\/wp-content\/uploads\/2024\/07\/z5601583249013_5eec9413573f0b4c72bb2ab8966b432a-1.jpg\" alt=\"B\u1ea3o \u00f4n n\u00f3ng \" width=\"991\" height=\"448\" title=\"\" srcset=\"https:\/\/achisonsafety.com.vn\/wp-content\/uploads\/2024\/07\/z5601583249013_5eec9413573f0b4c72bb2ab8966b432a-1.jpg 991w, https:\/\/achisonsafety.com.vn\/wp-content\/uploads\/2024\/07\/z5601583249013_5eec9413573f0b4c72bb2ab8966b432a-1-800x362.jpg 800w, https:\/\/achisonsafety.com.vn\/wp-content\/uploads\/2024\/07\/z5601583249013_5eec9413573f0b4c72bb2ab8966b432a-1-768x347.jpg 768w, https:\/\/achisonsafety.com.vn\/wp-content\/uploads\/2024\/07\/z5601583249013_5eec9413573f0b4c72bb2ab8966b432a-1-66x30.jpg 66w, https:\/\/achisonsafety.com.vn\/wp-content\/uploads\/2024\/07\/z5601583249013_5eec9413573f0b4c72bb2ab8966b432a-1-133x60.jpg 133w, https:\/\/achisonsafety.com.vn\/wp-content\/uploads\/2024\/07\/z5601583249013_5eec9413573f0b4c72bb2ab8966b432a-1-510x231.jpg 510w\" sizes=\"(max-width: 991px) 100vw, 991px\" \/><\/p>\n<h3><strong>L\u01b0u \u00fd khi s\u1eed d\u1ee5ng d\u1ecbch v\u1ee5 b\u1ea3o \u00f4n n\u00f3ng<\/strong><\/h3>\n<ol>\n<li><strong>Ki\u1ec3m tra \u0111\u1ecbnh k\u1ef3<\/strong>: H\u1ec7 th\u1ed1ng b\u1ea3o \u00f4n c\u1ea7n \u0111\u01b0\u1ee3c ki\u1ec3m tra \u0111\u1ecbnh k\u1ef3 \u0111\u1ec3 \u0111\u1ea3m b\u1ea3o kh\u00f4ng c\u00f3 l\u1ed7 h\u1ed5ng ho\u1eb7c h\u01b0 h\u1ecfng, gi\u1eef cho hi\u1ec7u qu\u1ea3 c\u00e1ch nhi\u1ec7t lu\u00f4n \u1edf m\u1ee9c cao.<\/li>\n<li><strong>B\u1ea3o d\u01b0\u1ee1ng \u0111\u00fang c\u00e1ch<\/strong>: Tu\u00e2n th\u1ee7 h\u01b0\u1edbng d\u1eabn b\u1ea3o d\u01b0\u1ee1ng v\u00e0 s\u1eeda ch\u1eefa k\u1ecbp th\u1eddi n\u1ebfu ph\u00e1t hi\u1ec7n b\u1ea5t k\u1ef3 s\u1ef1 c\u1ed1 n\u00e0o \u0111\u1ec3 tr\u00e1nh \u1ea3nh h\u01b0\u1edfng \u0111\u1ebfn hi\u1ec7u su\u1ea5t h\u1ec7 th\u1ed1ng.<\/li>\n<li><strong>L\u1ef1a ch\u1ecdn v\u1eadt li\u1ec7u ph\u00f9 h\u1ee3p<\/strong>: Ch\u1ecdn \u0111\u00fang lo\u1ea1i v\u1eadt li\u1ec7u c\u00e1ch nhi\u1ec7t cho t\u1eebng ph\u1ea7n c\u1ee7a h\u1ec7 th\u1ed1ng nhi\u1ec7t \u0111\u1ec3 \u0111\u1ea1t \u0111\u01b0\u1ee3c hi\u1ec7u qu\u1ea3 b\u1ea3o \u00f4n t\u1ed1i \u01b0u.<\/li>\n<li><strong>Thi c\u00f4ng chuy\u00ean nghi\u1ec7p<\/strong>: S\u1eed d\u1ee5ng \u0111\u1ed9i ng\u0169 thi c\u00f4ng chuy\u00ean nghi\u1ec7p \u0111\u1ec3 \u0111\u1ea3m b\u1ea3o qu\u00e1 tr\u00ecnh b\u1ea3o \u00f4n \u0111\u01b0\u1ee3c th\u1ef1c hi\u1ec7n ch\u00ednh x\u00e1c v\u00e0 hi\u1ec7u qu\u1ea3.<\/li>\n<\/ol>\n<h3><strong>K\u1ebft lu\u1eadn<\/strong><\/h3>\n<p>D\u1ecbch v\u1ee5 b\u1ea3o \u00f4n n\u00f3ng l\u00e0 gi\u1ea3i ph\u00e1p kh\u00f4ng th\u1ec3 thi\u1ebfu cho c\u00e1c doanh nghi\u1ec7p mu\u1ed1n t\u1ed1i \u01b0u h\u00f3a hi\u1ec7u qu\u1ea3 c\u00e1ch nhi\u1ec7t v\u00e0 \u0111\u1ea3m b\u1ea3o an to\u00e0n cho h\u1ec7 th\u1ed1ng nhi\u1ec7t. V\u1edbi d\u1ecbch v\u1ee5 b\u1ea3o \u00f4n n\u00f3ng c\u1ee7a C\u00f4ng Ty C\u1ed5 Ph\u1ea7n Achison, b\u1ea1n c\u00f3 th\u1ec3 ho\u00e0n to\u00e0n y\u00ean t\u00e2m v\u1ec1 ch\u1ea5t l\u01b0\u1ee3ng v\u00e0 hi\u1ec7u qu\u1ea3 c\u1ee7a h\u1ec7 th\u1ed1ng. H\u00e3y l\u1ef1a ch\u1ecdn d\u1ecbch v\u1ee5 c\u1ee7a ch\u00fang t\u00f4i \u0111\u1ec3 ti\u1ebft ki\u1ec7m n\u0103ng l\u01b0\u1ee3ng, gi\u1ea3m chi ph\u00ed v\u1eadn h\u00e0nh v\u00e0 b\u1ea3o v\u1ec7 thi\u1ebft b\u1ecb c\u1ee7a b\u1ea1n kh\u1ecfi nh\u1eefng t\u1ed5n th\u1ea5t nhi\u1ec7t kh\u00f4ng mong mu\u1ed1n.<\/p>\n<h3><a href=\"https:\/\/achison.com\/\" rel=\"nofollow noopener\" target=\"_blank\"><strong>Gi\u1edbi thi\u1ec7u v\u1ec1 C\u00f4ng Ty C\u1ed5 Ph\u1ea7n Achison<\/strong><\/a><\/h3>\n<p>C\u00f4ng Ty C\u1ed5 Ph\u1ea7n Achison t\u1ef1 h\u00e0o l\u00e0 \u0111\u01a1n v\u1ecb ti\u00ean phong trong c\u00e1c gi\u1ea3i ph\u00e1p c\u00f4ng nghi\u1ec7p, \u0111\u1eb7c bi\u1ec7t l\u00e0 trong l\u0129nh v\u1ef1c b\u1ea3o \u00f4n v\u00e0 c\u00e1ch nhi\u1ec7t. Ch\u00fang t\u00f4i lu\u00f4n ti\u00ean phong trong vi\u1ec7c nghi\u00ean c\u1ee9u v\u00e0 \u1ee9ng d\u1ee5ng c\u00e1c c\u00f4ng ngh\u1ec7 m\u1edbi nh\u1ea5t, \u0111\u1ea3m b\u1ea3o mang l\u1ea1i hi\u1ec7u qu\u1ea3 cao nh\u1ea5t cho kh\u00e1ch h\u00e0ng. V\u1edbi \u0111\u1ed9i ng\u0169 k\u1ef9 thu\u1eadt vi\u00ean gi\u00e0u kinh nghi\u1ec7m v\u00e0 h\u1ec7 th\u1ed1ng qu\u1ea3n l\u00fd ch\u1ea5t l\u01b0\u1ee3ng nghi\u00eam ng\u1eb7t, Achison cam k\u1ebft cung c\u1ea5p s\u1ea3n ph\u1ea9m v\u00e0 d\u1ecbch v\u1ee5 \u0111\u1ea1t ti\u00eau chu\u1ea9n qu\u1ed1c t\u1ebf.<\/p>\n<p><img loading=\"lazy\" decoding=\"async\" class=\"size-full wp-image-9680 aligncenter\" src=\"https:\/\/achisonsafety.com.vn\/wp-content\/uploads\/2024\/07\/423584510_827213686083786_8276229236320818572_n-1.jpg\" alt=\"C\u00f4ng Ty C\u1ed5 Ph\u1ea7n Achison\" width=\"2048\" height=\"1365\" title=\"\" srcset=\"https:\/\/achisonsafety.com.vn\/wp-content\/uploads\/2024\/07\/423584510_827213686083786_8276229236320818572_n-1.jpg 2048w, https:\/\/achisonsafety.com.vn\/wp-content\/uploads\/2024\/07\/423584510_827213686083786_8276229236320818572_n-1-600x400.jpg 600w, https:\/\/achisonsafety.com.vn\/wp-content\/uploads\/2024\/07\/423584510_827213686083786_8276229236320818572_n-1-1200x800.jpg 1200w, https:\/\/achisonsafety.com.vn\/wp-content\/uploads\/2024\/07\/423584510_827213686083786_8276229236320818572_n-1-768x512.jpg 768w, https:\/\/achisonsafety.com.vn\/wp-content\/uploads\/2024\/07\/423584510_827213686083786_8276229236320818572_n-1-1536x1024.jpg 1536w, https:\/\/achisonsafety.com.vn\/wp-content\/uploads\/2024\/07\/423584510_827213686083786_8276229236320818572_n-1-45x30.jpg 45w, https:\/\/achisonsafety.com.vn\/wp-content\/uploads\/2024\/07\/423584510_827213686083786_8276229236320818572_n-1-90x60.jpg 90w, https:\/\/achisonsafety.com.vn\/wp-content\/uploads\/2024\/07\/423584510_827213686083786_8276229236320818572_n-1-510x340.jpg 510w\" sizes=\"(max-width: 2048px) 100vw, 2048px\" \/><\/p>\n<h3><strong>Li\u00ean h\u1ec7 v\u1edbi ch\u00fang t\u00f4i<\/strong><\/h3>\n<p>N\u1ebfu b\u1ea1n \u0111ang t\u00ecm ki\u1ebfm gi\u1ea3i ph\u00e1p c\u00e1ch nhi\u1ec7t hi\u1ec7u qu\u1ea3 cho c\u00f4ng tr\u00ecnh c\u1ee7a m\u00ecnh, h\u00e3y li\u00ean h\u1ec7 ngay v\u1edbi C\u00f4ng Ty C\u1ed5 Ph\u1ea7n Achison \u0111\u1ec3 \u0111\u01b0\u1ee3c t\u01b0 v\u1ea5n chi ti\u1ebft v\u1ec1 d\u1ecbch v\u1ee5 b\u1ea3o \u00f4n l\u1ea1nh v\u00e0 c\u00e1c gi\u1ea3i ph\u00e1p b\u1ea3o \u00f4n kh\u00e1c. Ch\u00fang t\u00f4i lu\u00f4n s\u1eb5n s\u00e0ng h\u1ed7 tr\u1ee3 v\u00e0 \u0111\u00e1p \u1ee9ng m\u1ecdi nhu c\u1ea7u c\u1ee7a b\u1ea1n.<\/p>\n<p><strong>Th\u00f4ng tin li\u00ean h\u1ec7:<\/strong><\/p>\n<ul>\n<li><strong>Website:<\/strong>\u00a0<a href=\"http:\/\/www.achison.com\/\" target=\"_new\" rel=\"noreferrer noopener nofollow\">www.achison.com<\/a><\/li>\n<li><strong>Email:<\/strong>\u00a0<a href=\"mailto:achisonjsc@achison.com\">achisonjsc@achison.com<\/a><\/li>\n<li><strong>Hotline:<\/strong>\u00a0<a href=\"tel:0913820539\">0913 820 53<\/a><\/li>\n<\/ul>\n<p>H\u00e3y ch\u1ecdn d\u1ecbch v\u1ee5 b\u1ea3o \u00f4n n\u00f3ng c\u1ee7a Achison \u0111\u1ec3 b\u1ea3o v\u1ec7 v\u00e0 n\u00e2ng cao hi\u1ec7u qu\u1ea3 cho h\u1ec7 th\u1ed1ng nhi\u1ec7t c\u1ee7a b\u1ea1n!<\/p>\n","protected":false},"excerpt":{"rendered":"<p>Achison cung c\u1ea5p tr\u1ecdn g\u00f3i c\u00e1c d\u1ecbch v\u1ee5 b\u1ea3o \u00f4n n\u00f3ng, l\u1eafp \u0111\u1eb7t v\u00e0 b\u1ea3o v\u1ec7 v\u1eadt li\u1ec7u c\u00e1ch nhi\u1ec7t cho h\u1ec7 th\u1ed1ng \u0111\u01b0\u1eddng \u1ed1ng v\u00e0 ph\u1ee5 ki\u1ec7n, \u1ed1ng gi\u00f3, n\u1ed3i h\u01a1i, b\u00ecnh ch\u1ee9a v\u00e0 b\u1ec3 ch\u1ee9a trong c\u00e1c \u1ee9ng d\u1ee5ng nhi\u1ec7t \u0111\u1ed9 cao<\/p>\n","protected":false},"featured_media":9716,"comment_status":"open","ping_status":"closed","template":"","meta":[],"product_cat":[852],"product_tag":[188,187,338,190],"class_list":{"0":"post-9699","1":"product","2":"type-product","3":"status-publish","4":"has-post-thumbnail","6":"product_cat-dich-vu-bao-on","7":"product_tag-nganh-dau-khi-khai-khoang-dong-tau-cang-bien-hang-khong","8":"product_tag-nganh-duoc-duoc-pham-benh-vien","9":"product_tag-nganh-khai-thac-va-che-bien-go-noi-that","10":"product_tag-nganh-san-xuat-chung","11":"yith_product_brand-thuong-hieu-khac","13":"first","14":"instock","15":"shipping-taxable","16":"product-type-simple"},"acf":[],"_links":{"self":[{"href":"https:\/\/achisonsafety.com.vn\/en\/wp-json\/wp\/v2\/product\/9699"}],"collection":[{"href":"https:\/\/achisonsafety.com.vn\/en\/wp-json\/wp\/v2\/product"}],"about":[{"href":"https:\/\/achisonsafety.com.vn\/en\/wp-json\/wp\/v2\/types\/product"}],"replies":[{"embeddable":true,"href":"https:\/\/achisonsafety.com.vn\/en\/wp-json\/wp\/v2\/comments?post=9699"}],"wp:featuredmedia":[{"embeddable":true,"href":"https:\/\/achisonsafety.com.vn\/en\/wp-json\/wp\/v2\/media\/9716"}],"wp:attachment":[{"href":"https:\/\/achisonsafety.com.vn\/en\/wp-json\/wp\/v2\/media?parent=9699"}],"wp:term":[{"taxonomy":"product_cat","embeddable":true,"href":"https:\/\/achisonsafety.com.vn\/en\/wp-json\/wp\/v2\/product_cat?post=9699"},{"taxonomy":"product_tag","embeddable":true,"href":"https:\/\/achisonsafety.com.vn\/en\/wp-json\/wp\/v2\/product_tag?post=9699"}],"curies":[{"name":"wp","href":"https:\/\/api.w.org\/{rel}","templated":true}]}}