{"id":9763,"date":"2024-07-16T15:48:44","date_gmt":"2024-07-16T08:48:44","guid":{"rendered":"https:\/\/achisonsafety.com.vn\/?post_type=product&#038;p=9763"},"modified":"2025-09-17T16:44:21","modified_gmt":"2025-09-17T09:44:21","slug":"dich-vu-cach-nhiet-cho-lng","status":"publish","type":"product","link":"https:\/\/achisonsafety.com.vn\/en\/san-pham\/dich-vu-cach-nhiet-cho-lng\/","title":{"rendered":"D\u1ecbch v\u1ee5 c\u00e1ch nhi\u1ec7t cho LNG"},"content":{"rendered":"<h3 class=\"ewa-rteLine\"><a href=\"https:\/\/achisonsafety.com.vn\/danh-muc-san-pham\/dich-vu-ky-thuat\/dich-vu-bao-on\/\"><span style=\"font-size: 75%\"><strong>D\u1ecbch v\u1ee5 c\u00e1ch nhi\u1ec7t cho LNG &#8211; Gi\u1ea3i ph\u00e1p b\u1ea3o \u00f4n chuy\u00ean nghi\u1ec7p cho kh\u00ed t\u1ef1 nhi\u00ean h\u00f3a l\u1ecfng<\/strong><\/span><\/a><\/h3>\n<h4><strong>LNG l\u00e0 g\u00ec<\/strong><\/h4>\n<p>LNG (Liquefied Natural Gas) l\u00e0 kh\u00ed t\u1ef1 nhi\u00ean \u0111\u01b0\u1ee3c l\u00e0m l\u1ea1nh v\u00e0 l\u00e0m l\u1ecfng \u0111\u1ec3 thu\u1eadn ti\u1ec7n cho v\u1eadn chuy\u1ec3n v\u00e0 l\u01b0u tr\u1eef. N\u00f3 l\u00e0 ngu\u1ed3n n\u0103ng l\u01b0\u1ee3ng s\u1ea1ch v\u00e0 hi\u1ec7u qu\u1ea3 cao, \u0111\u01b0\u1ee3c s\u1eed d\u1ee5ng r\u1ed9ng r\u00e3i trong c\u00e1c h\u1ec7 th\u1ed1ng n\u0103ng l\u01b0\u1ee3ng to\u00e0n c\u1ea7u.<\/p>\n<p><img loading=\"lazy\" decoding=\"async\" class=\"wp-image-9766 aligncenter\" src=\"https:\/\/achisonsafety.com.vn\/wp-content\/uploads\/2024\/07\/dich-vu-cach-nhiet-LNG-1.png\" alt=\"d\u1ecbch v\u1ee5 c\u00e1ch nhi\u1ec7t LNG (1)\" width=\"393\" height=\"393\" title=\"\" srcset=\"https:\/\/achisonsafety.com.vn\/wp-content\/uploads\/2024\/07\/dich-vu-cach-nhiet-LNG-1.png 600w, https:\/\/achisonsafety.com.vn\/wp-content\/uploads\/2024\/07\/dich-vu-cach-nhiet-LNG-1-400x400.png 400w, https:\/\/achisonsafety.com.vn\/wp-content\/uploads\/2024\/07\/dich-vu-cach-nhiet-LNG-1-280x280.png 280w, https:\/\/achisonsafety.com.vn\/wp-content\/uploads\/2024\/07\/dich-vu-cach-nhiet-LNG-1-30x30.png 30w, https:\/\/achisonsafety.com.vn\/wp-content\/uploads\/2024\/07\/dich-vu-cach-nhiet-LNG-1-60x60.png 60w, https:\/\/achisonsafety.com.vn\/wp-content\/uploads\/2024\/07\/dich-vu-cach-nhiet-LNG-1-247x247.png 247w, https:\/\/achisonsafety.com.vn\/wp-content\/uploads\/2024\/07\/dich-vu-cach-nhiet-LNG-1-510x510.png 510w, https:\/\/achisonsafety.com.vn\/wp-content\/uploads\/2024\/07\/dich-vu-cach-nhiet-LNG-1-100x100.png 100w\" sizes=\"(max-width: 393px) 100vw, 393px\" \/><\/p>\n<h4><strong>T\u1ea1i sao ph\u1ea3i c\u00e1ch nhi\u1ec7t cho LNG<\/strong><\/h4>\n<p>Vi\u1ec7c c\u00e1ch nhi\u1ec7t cho LNG l\u00e0 c\u1ef1c k\u1ef3 quan tr\u1ecdng v\u00ec m\u1ed9t s\u1ed1 l\u00fd do ch\u00ednh:<\/p>\n<ul>\n<li><strong>B\u1ea3o qu\u1ea3n v\u00e0 An to\u00e0n<\/strong>: LNG ph\u1ea3i \u0111\u01b0\u1ee3c gi\u1eef \u1edf nhi\u1ec7t \u0111\u1ed9 c\u1ef1c th\u1ea5p \u0111\u1ec3 duy tr\u00ec d\u01b0\u1edbi d\u1ea1ng l\u1ecfng. C\u00e1c gi\u1ea3i ph\u00e1p c\u00e1ch nhi\u1ec7t gi\u00fap \u0111\u1ea3m b\u1ea3o LNG kh\u00f4ng b\u1ecb bay h\u01a1i hay m\u1ea5t \u0111i trong qu\u00e1 tr\u00ecnh v\u1eadn chuy\u1ec3n v\u00e0 l\u01b0u tr\u1eef.<\/li>\n<li><strong>Ti\u1ebft Ki\u1ec7m N\u0103ng L\u01b0\u1ee3ng<\/strong>: C\u00e1ch nhi\u1ec7t hi\u1ec7u qu\u1ea3 gi\u00fap gi\u1ea3m thi\u1ec3u t\u1ed5n th\u1ea5t nhi\u1ec7t trong qu\u00e1 tr\u00ecnh v\u1eadn chuy\u1ec3n LNG, t\u1eeb \u0111\u00f3 ti\u1ebft ki\u1ec7m chi ph\u00ed v\u00e0 t\u0103ng hi\u1ec7u qu\u1ea3 n\u0103ng l\u01b0\u1ee3ng.<\/li>\n<li><strong>B\u1ea3o V\u1ec7 M\u00f4i Tr\u01b0\u1eddng<\/strong>: Vi\u1ec7c s\u1eed d\u1ee5ng c\u00e1c gi\u1ea3i ph\u00e1p c\u00e1ch nhi\u1ec7t cho LNG gi\u00fap gi\u1ea3m thi\u1ec3u t\u00e1c \u0111\u1ed9ng m\u00f4i tr\u01b0\u1eddng b\u1eb1ng c\u00e1ch gi\u1ea3m l\u01b0\u1ee3ng ph\u00e1t th\u1ea3i CO2 v\u00e0 c\u00e1c kh\u00ed th\u1ea3i kh\u00e1c.<\/li>\n<\/ul>\n<h4><strong>Gi\u1ea3i ph\u00e1p c\u00e1ch nhi\u1ec7t cho LNG<\/strong><\/h4>\n<h3 class=\"ewa-rteLine\"><a href=\"https:\/\/achisonsafety.com.vn\/danh-muc-san-pham\/dich-vu-ky-thuat\/dich-vu-bao-on\/\"><span style=\"font-size: 75%\"><strong><img loading=\"lazy\" decoding=\"async\" class=\"wp-image-9768 aligncenter\" src=\"https:\/\/achisonsafety.com.vn\/wp-content\/uploads\/2024\/07\/dich-vu-cach-nhiet-LNG.png\" alt=\"\" width=\"447\" height=\"447\" title=\"\" srcset=\"https:\/\/achisonsafety.com.vn\/wp-content\/uploads\/2024\/07\/dich-vu-cach-nhiet-LNG.png 600w, https:\/\/achisonsafety.com.vn\/wp-content\/uploads\/2024\/07\/dich-vu-cach-nhiet-LNG-400x400.png 400w, https:\/\/achisonsafety.com.vn\/wp-content\/uploads\/2024\/07\/dich-vu-cach-nhiet-LNG-280x280.png 280w, https:\/\/achisonsafety.com.vn\/wp-content\/uploads\/2024\/07\/dich-vu-cach-nhiet-LNG-30x30.png 30w, https:\/\/achisonsafety.com.vn\/wp-content\/uploads\/2024\/07\/dich-vu-cach-nhiet-LNG-60x60.png 60w, https:\/\/achisonsafety.com.vn\/wp-content\/uploads\/2024\/07\/dich-vu-cach-nhiet-LNG-247x247.png 247w, https:\/\/achisonsafety.com.vn\/wp-content\/uploads\/2024\/07\/dich-vu-cach-nhiet-LNG-510x510.png 510w, https:\/\/achisonsafety.com.vn\/wp-content\/uploads\/2024\/07\/dich-vu-cach-nhiet-LNG-100x100.png 100w\" sizes=\"(max-width: 447px) 100vw, 447px\" \/><\/strong><\/span><\/a><\/h3>\n<p>C\u00e1c gi\u1ea3i ph\u00e1p c\u00e1ch nhi\u1ec7t cho LNG bao g\u1ed3m s\u1eed d\u1ee5ng c\u00e1c v\u1eadt li\u1ec7u c\u00e1ch nhi\u1ec7t chuy\u00ean d\u1ee5ng v\u00e0 h\u1ec7 th\u1ed1ng c\u00e1ch nhi\u1ec7t hi\u1ec7n \u0111\u1ea1i nh\u01b0:<\/p>\n<ul>\n<li><strong>V\u1eadt li\u1ec7u c\u00e1ch nhi\u1ec7t cao c\u1ea5p<\/strong>: S\u1eed d\u1ee5ng c\u00e1c v\u1eadt li\u1ec7u nh\u01b0 Foam Glass (Cellular Glass), Polyurethane Foam, v\u00e0 c\u00e1c lo\u1ea1i v\u1eadt li\u1ec7u c\u00e1ch nhi\u1ec7t kh\u00e1c c\u00f3 kh\u1ea3 n\u0103ng c\u00e1ch nhi\u1ec7t v\u00e0 ch\u1ecbu l\u1ea1nh t\u1ed1t.<\/li>\n<li><strong>H\u1ec7 th\u1ed1ng c\u00e1ch nhi\u1ec7t chuy\u00ean bi\u1ec7t<\/strong>: Thi\u1ebft k\u1ebf v\u00e0 l\u1eafp \u0111\u1eb7t c\u00e1c h\u1ec7 th\u1ed1ng c\u00e1ch nhi\u1ec7t chuy\u00ean bi\u1ec7t cho c\u00e1c b\u1ed3n b\u1ec3 LNG, h\u1ec7 th\u1ed1ng \u0111\u01b0\u1eddng \u1ed1ng v\u00e0 thi\u1ebft b\u1ecb li\u00ean quan \u0111\u1ec3 \u0111\u1ea3m b\u1ea3o nhi\u1ec7t \u0111\u1ed9 \u1ed5n \u0111\u1ecbnh v\u00e0 an to\u00e0n.<\/li>\n<li><strong>D\u1ecbch v\u1ee5 t\u01b0 v\u1ea5n v\u00e0 l\u1eafp \u0111\u1eb7t chuy\u00ean nghi\u1ec7p<\/strong>: C\u00e1c \u0111\u01a1n v\u1ecb cung c\u1ea5p d\u1ecbch v\u1ee5 c\u00e1ch nhi\u1ec7t cho LNG c\u1ea7n c\u00f3 kh\u1ea3 n\u0103ng t\u01b0 v\u1ea5n chuy\u00ean s\u00e2u v\u00e0 cung c\u1ea5p gi\u1ea3i ph\u00e1p t\u1ed1i \u01b0u cho t\u1eebng y\u00eau c\u1ea7u c\u1ee5 th\u1ec3 c\u1ee7a kh\u00e1ch h\u00e0ng.<\/li>\n<\/ul>\n<p>Vi\u1ec7c c\u00e1ch nhi\u1ec7t cho LNG kh\u00f4ng ch\u1ec9 l\u00e0 m\u1ed9t y\u00eau c\u1ea7u k\u1ef9 thu\u1eadt m\u00e0 c\u00f2n l\u00e0 m\u1ed9t chi\u1ebfn l\u01b0\u1ee3c quan tr\u1ecdng \u0111\u1ec3 b\u1ea3o v\u1ec7 ngu\u1ed3n t\u00e0i nguy\u00ean v\u00e0 m\u00f4i tr\u01b0\u1eddng. C\u00e1c gi\u1ea3i ph\u00e1p c\u00e1ch nhi\u1ec7t hi\u1ec7n \u0111\u1ea1i gi\u00fap t\u1ed1i \u01b0u h\u00f3a hi\u1ec7u su\u1ea5t v\u1eadn h\u00e0nh v\u00e0 gi\u1ea3m thi\u1ec3u t\u00e1c \u0111\u1ed9ng m\u00f4i tr\u01b0\u1eddng, \u0111\u1ed3ng th\u1eddi ti\u1ebft ki\u1ec7m chi ph\u00ed cho c\u00e1c doanh nghi\u1ec7p ho\u1ea1t \u0111\u1ed9ng trong l\u0129nh v\u1ef1c LNG.<\/p>\n<h4><strong>Gi\u1ea3i ph\u00e1p c\u00e1ch nhi\u1ec7t \u0111\u00e3 tri\u1ec3n khai<\/strong><\/h4>\n<p><img loading=\"lazy\" decoding=\"async\" class=\" wp-image-9764 aligncenter\" src=\"https:\/\/achisonsafety.com.vn\/wp-content\/uploads\/2024\/07\/dich-vu-cach-nhiet-LNG-2.png\" alt=\"\" width=\"515\" height=\"515\" title=\"\" srcset=\"https:\/\/achisonsafety.com.vn\/wp-content\/uploads\/2024\/07\/dich-vu-cach-nhiet-LNG-2.png 600w, https:\/\/achisonsafety.com.vn\/wp-content\/uploads\/2024\/07\/dich-vu-cach-nhiet-LNG-2-400x400.png 400w, https:\/\/achisonsafety.com.vn\/wp-content\/uploads\/2024\/07\/dich-vu-cach-nhiet-LNG-2-280x280.png 280w, https:\/\/achisonsafety.com.vn\/wp-content\/uploads\/2024\/07\/dich-vu-cach-nhiet-LNG-2-30x30.png 30w, https:\/\/achisonsafety.com.vn\/wp-content\/uploads\/2024\/07\/dich-vu-cach-nhiet-LNG-2-60x60.png 60w, https:\/\/achisonsafety.com.vn\/wp-content\/uploads\/2024\/07\/dich-vu-cach-nhiet-LNG-2-247x247.png 247w, https:\/\/achisonsafety.com.vn\/wp-content\/uploads\/2024\/07\/dich-vu-cach-nhiet-LNG-2-510x510.png 510w, https:\/\/achisonsafety.com.vn\/wp-content\/uploads\/2024\/07\/dich-vu-cach-nhiet-LNG-2-100x100.png 100w\" sizes=\"(max-width: 515px) 100vw, 515px\" \/><\/p>\n<h3><a href=\"https:\/\/achison.com\/\" rel=\"nofollow noopener\" target=\"_blank\"><strong>Gi\u1edbi thi\u1ec7u v\u1ec1 C\u00f4ng Ty C\u1ed5 Ph\u1ea7n Achison<\/strong><\/a><\/h3>\n<p>C\u00f4ng Ty C\u1ed5 Ph\u1ea7n Achison t\u1ef1 h\u00e0o l\u00e0 \u0111\u01a1n v\u1ecb ti\u00ean phong trong c\u00e1c gi\u1ea3i ph\u00e1p c\u00f4ng nghi\u1ec7p, \u0111\u1eb7c bi\u1ec7t l\u00e0 trong l\u0129nh v\u1ef1c b\u1ea3o \u00f4n v\u00e0 c\u00e1ch nhi\u1ec7t. Ch\u00fang t\u00f4i lu\u00f4n ti\u00ean phong trong vi\u1ec7c nghi\u00ean c\u1ee9u v\u00e0 \u1ee9ng d\u1ee5ng c\u00e1c c\u00f4ng ngh\u1ec7 m\u1edbi nh\u1ea5t, \u0111\u1ea3m b\u1ea3o mang l\u1ea1i hi\u1ec7u qu\u1ea3 cao nh\u1ea5t cho kh\u00e1ch h\u00e0ng. V\u1edbi \u0111\u1ed9i ng\u0169 k\u1ef9 thu\u1eadt vi\u00ean gi\u00e0u kinh nghi\u1ec7m v\u00e0 h\u1ec7 th\u1ed1ng qu\u1ea3n l\u00fd ch\u1ea5t l\u01b0\u1ee3ng nghi\u00eam ng\u1eb7t, Achison cam k\u1ebft cung c\u1ea5p s\u1ea3n ph\u1ea9m v\u00e0 d\u1ecbch v\u1ee5 \u0111\u1ea1t ti\u00eau chu\u1ea9n qu\u1ed1c t\u1ebf.<\/p>\n<p><img loading=\"lazy\" decoding=\"async\" class=\"size-full wp-image-9680 aligncenter\" src=\"https:\/\/achisonsafety.com.vn\/wp-content\/uploads\/2024\/07\/423584510_827213686083786_8276229236320818572_n-1.jpg\" alt=\"C\u00f4ng Ty C\u1ed5 Ph\u1ea7n Achison\" width=\"2048\" height=\"1365\" title=\"\" srcset=\"https:\/\/achisonsafety.com.vn\/wp-content\/uploads\/2024\/07\/423584510_827213686083786_8276229236320818572_n-1.jpg 2048w, https:\/\/achisonsafety.com.vn\/wp-content\/uploads\/2024\/07\/423584510_827213686083786_8276229236320818572_n-1-600x400.jpg 600w, https:\/\/achisonsafety.com.vn\/wp-content\/uploads\/2024\/07\/423584510_827213686083786_8276229236320818572_n-1-1200x800.jpg 1200w, https:\/\/achisonsafety.com.vn\/wp-content\/uploads\/2024\/07\/423584510_827213686083786_8276229236320818572_n-1-768x512.jpg 768w, https:\/\/achisonsafety.com.vn\/wp-content\/uploads\/2024\/07\/423584510_827213686083786_8276229236320818572_n-1-1536x1024.jpg 1536w, https:\/\/achisonsafety.com.vn\/wp-content\/uploads\/2024\/07\/423584510_827213686083786_8276229236320818572_n-1-45x30.jpg 45w, https:\/\/achisonsafety.com.vn\/wp-content\/uploads\/2024\/07\/423584510_827213686083786_8276229236320818572_n-1-90x60.jpg 90w, https:\/\/achisonsafety.com.vn\/wp-content\/uploads\/2024\/07\/423584510_827213686083786_8276229236320818572_n-1-510x340.jpg 510w\" sizes=\"(max-width: 2048px) 100vw, 2048px\" \/><\/p>\n<h3><strong>Li\u00ean h\u1ec7 v\u1edbi ch\u00fang t\u00f4i<\/strong><\/h3>\n<p>N\u1ebfu b\u1ea1n \u0111ang t\u00ecm ki\u1ebfm gi\u1ea3i ph\u00e1p c\u00e1ch nhi\u1ec7t hi\u1ec7u qu\u1ea3 cho c\u00f4ng tr\u00ecnh c\u1ee7a m\u00ecnh, h\u00e3y li\u00ean h\u1ec7 ngay v\u1edbi C\u00f4ng Ty C\u1ed5 Ph\u1ea7n Achison \u0111\u1ec3 \u0111\u01b0\u1ee3c t\u01b0 v\u1ea5n chi ti\u1ebft v\u1ec1 d\u1ecbch v\u1ee5 b\u1ea3o \u00f4n l\u1ea1nh v\u00e0 c\u00e1c gi\u1ea3i ph\u00e1p b\u1ea3o \u00f4n kh\u00e1c. Ch\u00fang t\u00f4i lu\u00f4n s\u1eb5n s\u00e0ng h\u1ed7 tr\u1ee3 v\u00e0 \u0111\u00e1p \u1ee9ng m\u1ecdi nhu c\u1ea7u c\u1ee7a b\u1ea1n.<\/p>\n<p><strong>Th\u00f4ng tin li\u00ean h\u1ec7:<\/strong><\/p>\n<ul>\n<li><strong>Website:<\/strong>\u00a0<a href=\"http:\/\/www.achison.com\/\" target=\"_new\" rel=\"noreferrer noopener nofollow\">www.achison.com<\/a><\/li>\n<li><strong>Email:<\/strong>\u00a0<a href=\"mailto:achisonjsc@achison.com\">achisonjsc@achison.com<\/a><\/li>\n<li><strong>Hotline:<\/strong>\u00a0<a href=\"tel:0913820539\">0913 820 53<\/a><\/li>\n<\/ul>\n","protected":false},"excerpt":{"rendered":"<ul>\n<li><strong>V\u1eadt li\u1ec7u c\u00e1ch nhi\u1ec7t cao c\u1ea5p<\/strong>: S\u1eed d\u1ee5ng c\u00e1c v\u1eadt li\u1ec7u nh\u01b0 Foam Glass (Cellular Glass), Polyurethane Foam, v\u00e0 c\u00e1c lo\u1ea1i v\u1eadt li\u1ec7u c\u00e1ch nhi\u1ec7t kh\u00e1c c\u00f3 kh\u1ea3 n\u0103ng c\u00e1ch nhi\u1ec7t v\u00e0 ch\u1ecbu l\u1ea1nh t\u1ed1t.<\/li>\n<li><strong>H\u1ec7 th\u1ed1ng c\u00e1ch nhi\u1ec7t chuy\u00ean bi\u1ec7t<\/strong>: Thi\u1ebft k\u1ebf v\u00e0 l\u1eafp \u0111\u1eb7t c\u00e1c h\u1ec7 th\u1ed1ng c\u00e1ch nhi\u1ec7t chuy\u00ean bi\u1ec7t cho c\u00e1c b\u1ed3n b\u1ec3 LNG, h\u1ec7 th\u1ed1ng \u0111\u01b0\u1eddng \u1ed1ng v\u00e0 thi\u1ebft b\u1ecb li\u00ean quan \u0111\u1ec3 \u0111\u1ea3m b\u1ea3o nhi\u1ec7t \u0111\u1ed9 \u1ed5n \u0111\u1ecbnh v\u00e0 an to\u00e0n.<\/li>\n<li><strong>D\u1ecbch v\u1ee5 t\u01b0 v\u1ea5n v\u00e0 l\u1eafp \u0111\u1eb7t chuy\u00ean nghi\u1ec7p<\/strong>: C\u00e1c \u0111\u01a1n v\u1ecb cung c\u1ea5p d\u1ecbch v\u1ee5 c\u00e1ch nhi\u1ec7t cho LNG c\u1ea7n c\u00f3 kh\u1ea3 n\u0103ng t\u01b0 v\u1ea5n chuy\u00ean s\u00e2u v\u00e0 cung c\u1ea5p gi\u1ea3i ph\u00e1p t\u1ed1i \u01b0u cho t\u1eebng y\u00eau c\u1ea7u c\u1ee5 th\u1ec3 c\u1ee7a kh\u00e1ch h\u00e0ng.<\/li>\n<\/ul>\n","protected":false},"featured_media":9766,"comment_status":"open","ping_status":"closed","template":"","meta":[],"product_cat":[852],"product_tag":[188,187],"class_list":{"0":"post-9763","1":"product","2":"type-product","3":"status-publish","4":"has-post-thumbnail","6":"product_cat-dich-vu-bao-on","7":"product_tag-nganh-dau-khi-khai-khoang-dong-tau-cang-bien-hang-khong","8":"product_tag-nganh-duoc-duoc-pham-benh-vien","9":"yith_product_brand-thuong-hieu-khac","11":"first","12":"instock","13":"shipping-taxable","14":"product-type-simple"},"acf":[],"_links":{"self":[{"href":"https:\/\/achisonsafety.com.vn\/en\/wp-json\/wp\/v2\/product\/9763"}],"collection":[{"href":"https:\/\/achisonsafety.com.vn\/en\/wp-json\/wp\/v2\/product"}],"about":[{"href":"https:\/\/achisonsafety.com.vn\/en\/wp-json\/wp\/v2\/types\/product"}],"replies":[{"embeddable":true,"href":"https:\/\/achisonsafety.com.vn\/en\/wp-json\/wp\/v2\/comments?post=9763"}],"wp:featuredmedia":[{"embeddable":true,"href":"https:\/\/achisonsafety.com.vn\/en\/wp-json\/wp\/v2\/media\/9766"}],"wp:attachment":[{"href":"https:\/\/achisonsafety.com.vn\/en\/wp-json\/wp\/v2\/media?parent=9763"}],"wp:term":[{"taxonomy":"product_cat","embeddable":true,"href":"https:\/\/achisonsafety.com.vn\/en\/wp-json\/wp\/v2\/product_cat?post=9763"},{"taxonomy":"product_tag","embeddable":true,"href":"https:\/\/achisonsafety.com.vn\/en\/wp-json\/wp\/v2\/product_tag?post=9763"}],"curies":[{"name":"wp","href":"https:\/\/api.w.org\/{rel}","templated":true}]}}