{"id":9844,"date":"2024-08-01T16:51:37","date_gmt":"2024-08-01T09:51:37","guid":{"rendered":"https:\/\/achisonsafety.com.vn\/?post_type=product&#038;p=9844"},"modified":"2025-09-17T16:44:19","modified_gmt":"2025-09-17T09:44:19","slug":"bullard-s61-safety-helmet","status":"publish","type":"product","link":"https:\/\/achisonsafety.com.vn\/en\/san-pham\/bullard-s61-safety-helmet\/","title":{"rendered":"Bullard S61 Safety Helmet"},"content":{"rendered":"<div class=\"cell\">\n<h3 class=\"h5\">Exceptional Balance<\/h3>\n<p>Lightweight, low profile and low center of gravity, providing exceptional balance<\/p>\n<\/div>\n<div class=\"cell\">\n<h3 class=\"h5\">Comfort<\/h3>\n<p>3\/4\u2033 seamless suspension, large absorbent cotton or easy-to-clean vinyl brow pad with fully adjustable suspension<\/p>\n<\/div>\n<div class=\"cell\">\n<h3 class=\"h5\">Made In USA<\/h3>\n<p>Designed and manufactured in Kentucky, United States<\/p>\n<\/div>\n<div class=\"cell\">\n<h3 class=\"h5\">Ergonomic Smooth Ratchet<\/h3>\n<p>FlexGen\u2122 Ratchet Suspension\u00a0features an innovative nape swivel pad ensuring a secure and comfortable fit for virtually all head sizes and shapes.<\/p>\n<figure id=\"attachment_9833\" aria-describedby=\"caption-attachment-9833\" style=\"width: 600px\" class=\"wp-caption aligncenter\"><img loading=\"lazy\" decoding=\"async\" class=\"size-full wp-image-9833\" src=\"https:\/\/achisonsafety.com.vn\/wp-content\/uploads\/2024\/07\/Non-bao-ho-FlexGen-S61-1.jpg\" alt=\"N\u00f3n b\u1ea3o h\u1ed9 Bullard S61 kh\u00f4ng l\u1ed7 tho\u00e1ng kh\u00ed m\u00e0u tr\u1eafng\" width=\"600\" height=\"600\" title=\"\" srcset=\"https:\/\/achisonsafety.com.vn\/wp-content\/uploads\/2024\/07\/Non-bao-ho-FlexGen-S61-1.jpg 600w, https:\/\/achisonsafety.com.vn\/wp-content\/uploads\/2024\/07\/Non-bao-ho-FlexGen-S61-1-400x400.jpg 400w, https:\/\/achisonsafety.com.vn\/wp-content\/uploads\/2024\/07\/Non-bao-ho-FlexGen-S61-1-280x280.jpg 280w, https:\/\/achisonsafety.com.vn\/wp-content\/uploads\/2024\/07\/Non-bao-ho-FlexGen-S61-1-30x30.jpg 30w, https:\/\/achisonsafety.com.vn\/wp-content\/uploads\/2024\/07\/Non-bao-ho-FlexGen-S61-1-60x60.jpg 60w, https:\/\/achisonsafety.com.vn\/wp-content\/uploads\/2024\/07\/Non-bao-ho-FlexGen-S61-1-247x247.jpg 247w, https:\/\/achisonsafety.com.vn\/wp-content\/uploads\/2024\/07\/Non-bao-ho-FlexGen-S61-1-510x510.jpg 510w, https:\/\/achisonsafety.com.vn\/wp-content\/uploads\/2024\/07\/Non-bao-ho-FlexGen-S61-1-100x100.jpg 100w\" sizes=\"(max-width: 600px) 100vw, 600px\" \/><figcaption id=\"caption-attachment-9833\" class=\"wp-caption-text\">N\u00f3n b\u1ea3o h\u1ed9 Bullard S61 kh\u00f4ng l\u1ed7 tho\u00e1ng kh\u00ed m\u00e0u tr\u1eafng<\/figcaption><\/figure>\n<\/div>\n","protected":false},"excerpt":{"rendered":"<ul>\n<li>Made from HDPE<\/li>\n<li>Made in USA<\/li>\n<li>Ideal for construction and utility job sites, oil and gas, road work, forestry, mining, general site work and projects at heights.<\/li>\n<\/ul>\n","protected":false},"featured_media":9833,"comment_status":"open","ping_status":"closed","template":"","meta":[],"product_cat":[250,249],"product_tag":[],"class_list":{"0":"post-9844","1":"product","2":"type-product","3":"status-publish","4":"has-post-thumbnail","6":"product_cat-hard-hat","7":"product_cat-head-protection","8":"yith_product_brand-bullard-en","10":"first","11":"instock","12":"shipping-taxable","13":"product-type-simple"},"acf":[],"_links":{"self":[{"href":"https:\/\/achisonsafety.com.vn\/en\/wp-json\/wp\/v2\/product\/9844"}],"collection":[{"href":"https:\/\/achisonsafety.com.vn\/en\/wp-json\/wp\/v2\/product"}],"about":[{"href":"https:\/\/achisonsafety.com.vn\/en\/wp-json\/wp\/v2\/types\/product"}],"replies":[{"embeddable":true,"href":"https:\/\/achisonsafety.com.vn\/en\/wp-json\/wp\/v2\/comments?post=9844"}],"wp:featuredmedia":[{"embeddable":true,"href":"https:\/\/achisonsafety.com.vn\/en\/wp-json\/wp\/v2\/media\/9833"}],"wp:attachment":[{"href":"https:\/\/achisonsafety.com.vn\/en\/wp-json\/wp\/v2\/media?parent=9844"}],"wp:term":[{"taxonomy":"product_cat","embeddable":true,"href":"https:\/\/achisonsafety.com.vn\/en\/wp-json\/wp\/v2\/product_cat?post=9844"},{"taxonomy":"product_tag","embeddable":true,"href":"https:\/\/achisonsafety.com.vn\/en\/wp-json\/wp\/v2\/product_tag?post=9844"}],"curies":[{"name":"wp","href":"https:\/\/api.w.org\/{rel}","templated":true}]}}