{"id":9891,"date":"2024-08-26T17:33:54","date_gmt":"2024-08-26T10:33:54","guid":{"rendered":"https:\/\/achisonsafety.com.vn\/?post_type=product&#038;p=9891"},"modified":"2025-09-17T16:44:18","modified_gmt":"2025-09-17T09:44:18","slug":"forklift-safety","status":"publish","type":"product","link":"https:\/\/achisonsafety.com.vn\/en\/san-pham\/forklift-safety\/","title":{"rendered":"Forklift Safety"},"content":{"rendered":"<p>The Trio Mobil Forklift Safety System uses AI and UWB (Wearable or Tagless) technology to improve workplace safety, especially in warehouses and manufacturing areas.<\/p>\n<p>Wideband wireless transmission and image processing technology accurately locates pedestrians and forklifts in the area with 360-degree coverage, thereby automatically reducing forklift speed, ensuring safety for both people and machines. The system operates without depending on cellular or Wi-Fi connections.<\/p>\n<h3><strong>High-Precision UWB Proximity Detection<\/strong><\/h3>\n<div class=\"page\" title=\"Page 7\">\n<div class=\"layoutArea\">\n<div class=\"column\">\n<p>UWB stands for Ultra-Wideband, which is a wireless communication technology that uses radio waves to transmit and receive data over a wide frequency range with low power levels. UWB technology is characterized by its ability to transmit signals across a very large frequency spectrum, typically spanning several gigahertz (GHz) or more. UWB has unique properties that make it suitable for specific applications, such as precise positioning, accurate ranging, high data rate communication, and radar- like sensing.<\/p>\n<h3><strong>Forklift &#8211; Pedestrian Accident Precention<\/strong><\/h3>\n<p>The system limits forklifts to a safe speed in two stages when pedestrians are closer than the preconfigured thresholds.<\/p>\n<figure id=\"attachment_9875\" aria-describedby=\"caption-attachment-9875\" style=\"width: 624px\" class=\"wp-caption alignnone\"><img loading=\"lazy\" decoding=\"async\" class=\"size-full wp-image-9875\" src=\"https:\/\/achisonsafety.com.vn\/wp-content\/uploads\/2024\/08\/An-Toan-Xe-Nang-Nguoi-Di-Bo.png\" alt=\"An to\u00e0n xe n\u00e2ng v\u00e0 ng\u01b0\u1eddi \u0111i b\u1ed9\" width=\"624\" height=\"328\" title=\"\" srcset=\"https:\/\/achisonsafety.com.vn\/wp-content\/uploads\/2024\/08\/An-Toan-Xe-Nang-Nguoi-Di-Bo.png 624w, https:\/\/achisonsafety.com.vn\/wp-content\/uploads\/2024\/08\/An-Toan-Xe-Nang-Nguoi-Di-Bo-57x30.png 57w, https:\/\/achisonsafety.com.vn\/wp-content\/uploads\/2024\/08\/An-Toan-Xe-Nang-Nguoi-Di-Bo-114x60.png 114w, https:\/\/achisonsafety.com.vn\/wp-content\/uploads\/2024\/08\/An-Toan-Xe-Nang-Nguoi-Di-Bo-510x268.png 510w\" sizes=\"(max-width: 624px) 100vw, 624px\" \/><figcaption id=\"caption-attachment-9875\" class=\"wp-caption-text\">An to\u00e0n cho ng\u01b0\u1eddi s\u1eed d\u1ee5ng xe n\u00e2ng v\u00e0 \u0111i b\u1ed9 trong kho b\u00e3i<\/figcaption><\/figure>\n<h3><strong>Forklift &#8211; Forklift Collision-Avoidance<\/strong><\/h3>\n<p>The system limits forklifts to a safe speed in two stages when they are closer than the preconfigured thresholds.<\/p>\n<figure id=\"attachment_9877\" aria-describedby=\"caption-attachment-9877\" style=\"width: 624px\" class=\"wp-caption alignnone\"><img loading=\"lazy\" decoding=\"async\" class=\"size-full wp-image-9877\" src=\"https:\/\/achisonsafety.com.vn\/wp-content\/uploads\/2024\/08\/An-toan-giua-xe-nang-va-xe-nang.png\" alt=\"Gi\u1ea3i ph\u00e1p an to\u00e0n trong kho, an to\u00e0n gi\u1eefa xe n\u00e2ng v\u00e0 xe n\u00e2ng\" width=\"624\" height=\"294\" title=\"\" srcset=\"https:\/\/achisonsafety.com.vn\/wp-content\/uploads\/2024\/08\/An-toan-giua-xe-nang-va-xe-nang.png 624w, https:\/\/achisonsafety.com.vn\/wp-content\/uploads\/2024\/08\/An-toan-giua-xe-nang-va-xe-nang-64x30.png 64w, https:\/\/achisonsafety.com.vn\/wp-content\/uploads\/2024\/08\/An-toan-giua-xe-nang-va-xe-nang-127x60.png 127w, https:\/\/achisonsafety.com.vn\/wp-content\/uploads\/2024\/08\/An-toan-giua-xe-nang-va-xe-nang-510x240.png 510w\" sizes=\"(max-width: 624px) 100vw, 624px\" \/><figcaption id=\"caption-attachment-9877\" class=\"wp-caption-text\">Gi\u1ea3i ph\u00e1p an to\u00e0n trong kho, an to\u00e0n gi\u1eefa xe n\u00e2ng v\u00e0 xe n\u00e2ng<\/figcaption><\/figure>\n<h3><strong>Forklift-AGV Accident-Prevention<\/strong><\/h3>\n<p>The system limits forklifts to a safe speed in two stages and prevents forklifts-AGV collisions when a forklift and AGV are closer than the preconfigured thresholds.<\/p>\n<h3><strong>Zone-Based Forklift Speed Control<\/strong><\/h3>\n<p>Zone-based speed control eliminated the risk by slowing down forklifts in high-risk areas.<\/p>\n<figure id=\"attachment_9879\" aria-describedby=\"caption-attachment-9879\" style=\"width: 624px\" class=\"wp-caption alignnone\"><img loading=\"lazy\" decoding=\"async\" class=\"size-full wp-image-9879\" src=\"https:\/\/achisonsafety.com.vn\/wp-content\/uploads\/2024\/08\/An-toan-xe-nang-khu-vuc-rui-ro-cao.png\" alt=\"An to\u00e0n xe n\u00e2ng trong khu v\u1ef1c r\u1ee7i ro cao\" width=\"624\" height=\"332\" title=\"\" srcset=\"https:\/\/achisonsafety.com.vn\/wp-content\/uploads\/2024\/08\/An-toan-xe-nang-khu-vuc-rui-ro-cao.png 624w, https:\/\/achisonsafety.com.vn\/wp-content\/uploads\/2024\/08\/An-toan-xe-nang-khu-vuc-rui-ro-cao-56x30.png 56w, https:\/\/achisonsafety.com.vn\/wp-content\/uploads\/2024\/08\/An-toan-xe-nang-khu-vuc-rui-ro-cao-113x60.png 113w, https:\/\/achisonsafety.com.vn\/wp-content\/uploads\/2024\/08\/An-toan-xe-nang-khu-vuc-rui-ro-cao-510x271.png 510w\" sizes=\"(max-width: 624px) 100vw, 624px\" \/><figcaption id=\"caption-attachment-9879\" class=\"wp-caption-text\">An to\u00e0n xe n\u00e2ng trong khu v\u1ef1c r\u1ee7i ro cao<\/figcaption><\/figure>\n<h3><strong>The First Forklift Safety Solution Combining AI Camera &amp; High-Precision UWB Proximity Detection<\/strong><\/h3>\n<p>Trio Safe AI boasts versatile pedestrian detection capabilities that support both tagless and tag-based approaches.<\/p>\n<p>This brand-agnostic solution is compatible with all types and brands of MHEs, offering universal accessibility and ease of integration.<\/p>\n<p>Experience the future of safety technology with Trio Safe AI, where precision meets innovation to safeguard lives.<\/p>\n<p>&nbsp;<\/p>\n<\/div>\n<\/div>\n<\/div>\n","protected":false},"excerpt":{"rendered":"<ul>\n<li>The First Forklift Safety Solution Combining AI Camera &amp; High-Precision UWB Proximity Detection<\/li>\n<li>Business Intelligence for data tracking<\/li>\n<li>GDPR-compliant system<\/li>\n<\/ul>\n","protected":false},"featured_media":9885,"comment_status":"open","ping_status":"closed","template":"","meta":[],"product_cat":[760],"product_tag":[],"class_list":{"0":"post-9891","1":"product","2":"type-product","3":"status-publish","4":"has-post-thumbnail","6":"product_cat-machine-safety-solutions","8":"first","9":"instock","10":"shipping-taxable","11":"product-type-simple"},"acf":[],"_links":{"self":[{"href":"https:\/\/achisonsafety.com.vn\/en\/wp-json\/wp\/v2\/product\/9891"}],"collection":[{"href":"https:\/\/achisonsafety.com.vn\/en\/wp-json\/wp\/v2\/product"}],"about":[{"href":"https:\/\/achisonsafety.com.vn\/en\/wp-json\/wp\/v2\/types\/product"}],"replies":[{"embeddable":true,"href":"https:\/\/achisonsafety.com.vn\/en\/wp-json\/wp\/v2\/comments?post=9891"}],"wp:featuredmedia":[{"embeddable":true,"href":"https:\/\/achisonsafety.com.vn\/en\/wp-json\/wp\/v2\/media\/9885"}],"wp:attachment":[{"href":"https:\/\/achisonsafety.com.vn\/en\/wp-json\/wp\/v2\/media?parent=9891"}],"wp:term":[{"taxonomy":"product_cat","embeddable":true,"href":"https:\/\/achisonsafety.com.vn\/en\/wp-json\/wp\/v2\/product_cat?post=9891"},{"taxonomy":"product_tag","embeddable":true,"href":"https:\/\/achisonsafety.com.vn\/en\/wp-json\/wp\/v2\/product_tag?post=9891"}],"curies":[{"name":"wp","href":"https:\/\/api.w.org\/{rel}","templated":true}]}}